{"id":1123,"date":"2018-02-22T15:10:25","date_gmt":"2018-02-22T14:10:25","guid":{"rendered":"http:\/\/www.dolceideasrl.it\/?page_id=1123"},"modified":"2020-11-12T19:02:40","modified_gmt":"2020-11-12T18:02:40","slug":"privacy-policy","status":"publish","type":"page","link":"https:\/\/www.dolceideasrl.it\/en\/privacy-policy\/","title":{"rendered":"Privacy Policy"},"content":{"rendered":"<h5>Privacy Policy<\/h5>\n<p>1. Premessa Ai sensi dell&#8217;art. 13 del D.Lgs. n. 196\/2003 &#8211; \u201cCodice in materia di protezione dei dati personali\u201d (di seguito denominato \u201cCodice\u201d), la Dolceidea, in qualit\u00e0 di \u201cTitolare\u201d del trattamento, \u00e8 tenuto a fornirle informazioni in merito all&#8217;utilizzo dei suoi dati personali. 2. Fonte dei dati personali La raccolta dei suoi dati personali viene effettuata registrando i dati da lei stesso forniti, in qualit\u00e0 di interessato, al momento della registrazione al Sito Internet. 3. Finalit\u00e0 del trattamento I dati personali sono trattati per le seguenti finalit\u00e0: 1. Pubblicare il suo messaggio nel Sito Internet per consentirle di inviare messaggi con i quali rappresentare fatti ed opinioni e nei quali inserire ogni informazione ritenga possa interessare il pubblico, nel rispetto della dignit\u00e0 e della onorabilit\u00e0 dei terzi e nell\u2019osservanza della legislazione vigente;<\/p>\n<p>2. realizzare indagini dirette a verificare il grado di soddisfazione degli utenti sui servizi offerti o richiesti;<\/p>\n<p>3. Inviarle la nostra newsletter Per garantire l&#8217;efficienza del servizio, la informiamo inoltre che i dati potrebbero essere utilizzati per effettuare prove tecniche e di verifica.<\/p>\n<p>4. Modalit\u00e0 di trattamento dei dati In relazione alle finalit\u00e0 descritte, il trattamento dei dati personali avviene mediante strumenti manuali, informatici e telematici con logiche strettamente correlate alle finalit\u00e0 sopra evidenziate e, comunque, in modo da garantire la sicurezza e la riservatezza dei dati stessi. Adempiute le finalit\u00e0 prefissate, i dati verranno cancellati o trasformati in forma anonima.<\/p>\n<p>5. Facoltativit\u00e0 del conferimento dei dati Il conferimento dei dati \u00e8 facoltativo, ma in mancanza non sar\u00e0 possibile pubblicare il suo messaggio nel Sito Internet o mandarle la nostra newsletter o realizzare indagini dirette a verificare il grado di soddisfazione degli utenti sui servizi offerti, volte a migliorare la qualit\u00e0 dei servizi.<\/p>\n<p>6. Categorie di soggetti ai quali i dati possono essere comunicati o che possono venirne a conoscenza in qualit\u00e0 di Responsabili o Incaricati I suoi dati personali potranno essere conosciuti esclusivamente dagli amministratori e moderatori del Sito Internet, individuati quali Incaricati del trattamento. Esclusivamente per le finalit\u00e0 previste al paragrafo 3 (Finalit\u00e0 del trattamento), possono venire a conoscenza dei dati personali societ\u00e0 terze fornitrici di servizi per il Sito Internet, previa designazione in qualit\u00e0 di Responsabili del trattamento e garantendo il medesimo livello di protezione.<\/p>\n<p>7. Diritti dell&#8217;Interessato: La informiamo, infine, che la normativa in materia di protezione dei dati personali conferisce agli Interessati la possibilit\u00e0 di esercitare specifici diritti, in base a quanto indicato all\u2019art. 7 del \u201cCodice\u201d che qui si riporta:<br \/>\n1. L\u2019interessato ha diritto di ottenere la conferma dell\u2019esistenza o meno di dati personali che lo riguardano, anche se non ancora registrati, e la loro comunicazione in forma intelligibile.<br \/>\n2. L\u2019interessato ha diritto di ottenere l\u2019indicazione: 1. dell\u2019origine dei dati personali; 2. delle finalit\u00e0 e modalit\u00e0 del trattamento; 3. della logica applicata in caso di trattamento effettuato con l\u2019ausilio di strumenti elettronici; 4. degli estremi identificativi del titolare, dei responsabili e del rappresentante designato ai sensi dell\u2019art. 5, comma 2; 5. dei soggetti o delle categorie di soggetti ai quali i dati personali possono essere comunicati o che possono venirne a conoscenza in qualit\u00e0 di rappresentante designato nel territorio dello Stato, di responsabili o incaricati.<br \/>\n3. L\u2019interessato ha diritto di ottenere:<br \/>\n1. l\u2019aggiornamento, la rettificazione ovvero, quando vi ha interesse, l\u2019integrazione dei dati;<br \/>\n2. la cancellazione, la trasformazione in forma anonima o il blocco dei dati trattati in violazione di legge, compresi quelli di cui non \u00e8 necessaria la conservazione in relazione agli scopi per i quali i dati sono stati raccolti o successivamente trattati;<br \/>\n3. l\u2019attestazione che le operazioni di cui alle lettere a. e b. sono state portate a conoscenza, anche per quanto riguarda il loro contenuto, di coloro ai quali i dati sono stati comunicati o diffusi, eccettuato il caso in cui tale adempimento si rivela impossibile o comporta un impiego di mezzi manifestamente sproporzionato rispetto al diritto tutelato. 4. L\u2019interessato ha diritto di opporsi, in tutto o in parte: 1. per motivi legittimi al trattamento dei dati personali che lo riguardano, ancorch\u00e8 pertinenti allo scopo della raccolta;<br \/>\n2. al trattamento di dati personali che lo riguardano a fini di invio di materiale pubblicitario o di vendita diretta o per il compimento di ricerche di mercato o di comunicazione commerciale.<\/p>\n<p>Per ulteriori informazioni: info@dolceideasrl.it<\/p>\n<p>&nbsp;","protected":false},"excerpt":{"rendered":"<p>Privacy Policy 1. Premessa Ai sensi dell&#8217;art. 13 del D.Lgs. n. 196\/2003 &#8211; \u201cCodice in materia di protezione dei dati personali\u201d (di seguito denominato \u201cCodice\u201d), la Dolceidea, in qualit\u00e0 di \u201cTitolare\u201d del trattamento, \u00e8 tenuto a fornirle informazioni in merito all&#8217;utilizzo dei suoi dati personali. 2. Fonte dei dati personali La raccolta dei suoi dati&#8230;<\/p>\n","protected":false},"author":1,"featured_media":0,"parent":0,"menu_order":0,"comment_status":"closed","ping_status":"closed","template":"","meta":{"footnotes":""},"categories":[],"tags":[],"class_list":["post-1123","page","type-page","status-publish","hentry"],"_links":{"self":[{"href":"https:\/\/www.dolceideasrl.it\/en\/wp-json\/wp\/v2\/pages\/1123","targetHints":{"allow":["GET"]}}],"collection":[{"href":"https:\/\/www.dolceideasrl.it\/en\/wp-json\/wp\/v2\/pages"}],"about":[{"href":"https:\/\/www.dolceideasrl.it\/en\/wp-json\/wp\/v2\/types\/page"}],"author":[{"embeddable":true,"href":"https:\/\/www.dolceideasrl.it\/en\/wp-json\/wp\/v2\/users\/1"}],"replies":[{"embeddable":true,"href":"https:\/\/www.dolceideasrl.it\/en\/wp-json\/wp\/v2\/comments?post=1123"}],"version-history":[{"count":5,"href":"https:\/\/www.dolceideasrl.it\/en\/wp-json\/wp\/v2\/pages\/1123\/revisions"}],"predecessor-version":[{"id":2230,"href":"https:\/\/www.dolceideasrl.it\/en\/wp-json\/wp\/v2\/pages\/1123\/revisions\/2230"}],"wp:attachment":[{"href":"https:\/\/www.dolceideasrl.it\/en\/wp-json\/wp\/v2\/media?parent=1123"}],"wp:term":[{"taxonomy":"category","embeddable":true,"href":"https:\/\/www.dolceideasrl.it\/en\/wp-json\/wp\/v2\/categories?post=1123"},{"taxonomy":"post_tag","embeddable":true,"href":"https:\/\/www.dolceideasrl.it\/en\/wp-json\/wp\/v2\/tags?post=1123"}],"curies":[{"name":"wp","href":"https:\/\/api.w.org\/{rel}","templated":true}]}}